{"id":13611,"date":"2020-04-13T22:21:39","date_gmt":"2020-04-13T22:21:39","guid":{"rendered":"http:\/\/synowiecpartnerzy.pl\/?page_id=13611"},"modified":"2025-02-25T16:38:07","modified_gmt":"2025-02-25T16:38:07","slug":"kontakt","status":"publish","type":"page","link":"https:\/\/synowiecpartnerzy.pl\/?page_id=13611","title":{"rendered":"Kontakt"},"content":{"rendered":"\t\t<div data-elementor-type=\"wp-page\" data-elementor-id=\"13611\" class=\"elementor elementor-13611\">\n\t\t\t\t<div class=\"elementor-element elementor-element-c1af03b e-flex e-con-boxed e-con e-parent\" data-id=\"c1af03b\" data-element_type=\"container\" data-e-type=\"container\">\n\t\t\t\t\t<div class=\"e-con-inner\">\n\t\t\t\t<div class=\"elementor-element elementor-element-405076c lte-heading-style-default elementor-widget elementor-widget-lte-header\" data-id=\"405076c\" data-element_type=\"widget\" data-e-type=\"widget\" data-widget_type=\"lte-header.default\">\n\t\t\t\t<div class=\"elementor-widget-container\">\n\t\t\t\t\t<div class=\"lte-heading lte-style-default lte-color-main lte-subcolor-main heading-tag-h4 heading-subtag-h6\"><div class=\"lte-heading-content\"><h4 class=\"lte-header\">Synowiec i Partnerzy - Adwokacka Sp\u00f3\u0142ka Partnerska<\/h4><\/div><\/div>\t\t\t\t<\/div>\n\t\t\t\t<\/div>\n\t\t\t\t\t<\/div>\n\t\t\t\t<\/div>\n\t\t<div class=\"elementor-element elementor-element-ed83cac e-flex e-con-boxed e-con e-parent\" data-id=\"ed83cac\" data-element_type=\"container\" data-e-type=\"container\">\n\t\t\t\t\t<div class=\"e-con-inner\">\n\t\t\t\t<div class=\"elementor-element elementor-element-202b526 lte-heading-align-center lte-heading-style-default elementor-widget elementor-widget-lte-header\" data-id=\"202b526\" data-element_type=\"widget\" data-e-type=\"widget\" data-widget_type=\"lte-header.default\">\n\t\t\t\t<div class=\"elementor-widget-container\">\n\t\t\t\t\t<div class=\"lte-heading lte-style-default lte-color-black lte-subcolor-main heading-tag-h6 heading-subtag-h6\"><div class=\"lte-heading-content\"><h6 class=\"lte-header\">ul. Szkolna 4, 66-400 Gorz\u00f3w Wielkopolski<br \/>\nkancelaria@synowiecpartnerzy.pl<br \/>\ntel.: +48 885 515 051 <\/h6><\/div><\/div>\t\t\t\t<\/div>\n\t\t\t\t<\/div>\n\t\t\t\t<div class=\"elementor-element elementor-element-bcf88d4 lte-animation-speed-slow elementor-widget elementor-widget-image\" data-id=\"bcf88d4\" data-element_type=\"widget\" data-e-type=\"widget\" data-widget_type=\"image.default\">\n\t\t\t\t<div class=\"elementor-widget-container\">\n\t\t\t\t\t\t\t\t\t\t\t\t<figure class=\"wp-caption\">\n\t\t\t\t\t\t\t\t\t\t<img fetchpriority=\"high\" decoding=\"async\" width=\"768\" height=\"1049\" src=\"https:\/\/synowiecpartnerzy.pl\/wp-content\/uploads\/2025\/02\/Kinga-Czechowicz-768x1049.jpg\" class=\"attachment-medium_large size-medium_large wp-image-35834\" alt=\"\" srcset=\"https:\/\/synowiecpartnerzy.pl\/wp-content\/uploads\/2025\/02\/Kinga-Czechowicz-768x1049.jpg 768w, https:\/\/synowiecpartnerzy.pl\/wp-content\/uploads\/2025\/02\/Kinga-Czechowicz-220x300.jpg 220w, https:\/\/synowiecpartnerzy.pl\/wp-content\/uploads\/2025\/02\/Kinga-Czechowicz-749x1024.jpg 749w, https:\/\/synowiecpartnerzy.pl\/wp-content\/uploads\/2025\/02\/Kinga-Czechowicz-1124x1536.jpg 1124w, https:\/\/synowiecpartnerzy.pl\/wp-content\/uploads\/2025\/02\/Kinga-Czechowicz-73x100.jpg 73w, https:\/\/synowiecpartnerzy.pl\/wp-content\/uploads\/2025\/02\/Kinga-Czechowicz-915x1250.jpg 915w, https:\/\/synowiecpartnerzy.pl\/wp-content\/uploads\/2025\/02\/Kinga-Czechowicz.jpg 1171w\" sizes=\"(max-width: 768px) 100vw, 768px\" \/>\t\t\t\t\t\t\t\t\t\t\t<figcaption class=\"widget-image-caption wp-caption-text\">Kinga Czechowicz - kierownik biura<\/figcaption>\n\t\t\t\t\t\t\t\t\t\t<\/figure>\n\t\t\t\t\t\t\t\t\t<\/div>\n\t\t\t\t<\/div>\n\t\t\t\t\t<\/div>\n\t\t\t\t<\/div>\n\t\t<div class=\"elementor-element elementor-element-774aa9e e-flex e-con-boxed e-con e-parent\" data-id=\"774aa9e\" data-element_type=\"container\" data-e-type=\"container\">\n\t\t\t\t\t<div class=\"e-con-inner\">\n\t\t\t\t<div class=\"elementor-element elementor-element-59f2e8a elementor-widget elementor-widget-text-editor\" data-id=\"59f2e8a\" data-element_type=\"widget\" data-e-type=\"widget\" data-widget_type=\"text-editor.default\">\n\t\t\t\t<div class=\"elementor-widget-container\">\n\t\t\t\t\t\t\t\t\t<p style=\"text-align: center;\" data-start=\"0\" data-end=\"27\"><strong data-start=\"0\" data-end=\"25\">Skontaktuj si\u0119 z nami<br \/><\/strong>Wype\u0142nij formularz, aby um\u00f3wi\u0107 dogodny termin spotkania w naszej kancelarii. Skontaktujemy si\u0119 z Tob\u0105, aby potwierdzi\u0107 wizyt\u0119.<br \/>\u26a0\ufe0f <strong data-start=\"162\" data-end=\"171\">Uwaga<\/strong>: Nie udzielamy porad prawnych telefonicznie ani drog\u0105 pocztow\u0105.<\/p>\t\t\t\t\t\t\t\t<\/div>\n\t\t\t\t<\/div>\n\t\t\t\t\t<\/div>\n\t\t\t\t<\/div>\n\t\t<div class=\"elementor-element elementor-element-7614477 e-flex e-con-boxed e-con e-parent\" data-id=\"7614477\" data-element_type=\"container\" data-e-type=\"container\">\n\t\t\t\t\t<div class=\"e-con-inner\">\n\t\t\t\t<div class=\"elementor-element elementor-element-daa1ece elementor-widget elementor-widget-lte-cf7\" data-id=\"daa1ece\" data-element_type=\"widget\" data-e-type=\"widget\" data-widget_type=\"lte-cf7.default\">\n\t\t\t\t<div class=\"elementor-widget-container\">\n\t\t\t\t\t<div class=\"lte-contact-form-7 lte-padding-yes lte-btn-main lte-full-width-no\"><h4 class=\"lte-header\">Formularz kontaktowy<\/h4>\n<div class=\"wpcf7 no-js\" id=\"wpcf7-f35863-o1\" lang=\"pl-PL\" dir=\"ltr\" data-wpcf7-id=\"35863\">\n<div class=\"screen-reader-response\"><p role=\"status\" aria-live=\"polite\" aria-atomic=\"true\"><\/p> <ul><\/ul><\/div>\n<form action=\"\/index.php?rest_route=%2Fwp%2Fv2%2Fpages%2F13611#wpcf7-f35863-o1\" method=\"post\" class=\"wpcf7-form init\" aria-label=\"Formularz kontaktowy\" novalidate=\"novalidate\" data-status=\"init\">\n<fieldset class=\"hidden-fields-container\"><input type=\"hidden\" name=\"_wpcf7\" value=\"35863\" \/><input type=\"hidden\" name=\"_wpcf7_version\" value=\"6.1.5\" \/><input type=\"hidden\" name=\"_wpcf7_locale\" value=\"pl_PL\" \/><input type=\"hidden\" name=\"_wpcf7_unit_tag\" value=\"wpcf7-f35863-o1\" \/><input type=\"hidden\" name=\"_wpcf7_container_post\" value=\"0\" \/><input type=\"hidden\" name=\"_wpcf7_posted_data_hash\" value=\"\" \/>\n<\/fieldset>\n<p><label> Twoje imi\u0119 i nazwisko<br \/>\n<span class=\"wpcf7-form-control-wrap\" data-name=\"your-name\"><input size=\"40\" maxlength=\"400\" class=\"wpcf7-form-control wpcf7-text wpcf7-validates-as-required\" autocomplete=\"name\" aria-required=\"true\" aria-invalid=\"false\" value=\"\" type=\"text\" name=\"your-name\" \/><\/span> <\/label>\n<\/p>\n<p><label> Tw\u00f3j adres e-mail<br \/>\n<span class=\"wpcf7-form-control-wrap\" data-name=\"your-email\"><input size=\"40\" maxlength=\"400\" class=\"wpcf7-form-control wpcf7-email wpcf7-validates-as-required wpcf7-text wpcf7-validates-as-email\" autocomplete=\"email\" aria-required=\"true\" aria-invalid=\"false\" value=\"\" type=\"email\" name=\"your-email\" \/><\/span> <\/label>\n<\/p>\n<p><label> Temat<br \/>\n<span class=\"wpcf7-form-control-wrap\" data-name=\"your-subject\"><input size=\"40\" maxlength=\"400\" class=\"wpcf7-form-control wpcf7-text wpcf7-validates-as-required\" aria-required=\"true\" aria-invalid=\"false\" value=\"\" type=\"text\" name=\"your-subject\" \/><\/span> <\/label>\n<\/p>\n<p><label> Twoja wiadomo\u015bci do Synowiec i Partnerzy<br \/>\n<span class=\"wpcf7-form-control-wrap\" data-name=\"your-message\"><textarea cols=\"40\" rows=\"10\" maxlength=\"2000\" class=\"wpcf7-form-control wpcf7-textarea\" aria-invalid=\"false\" name=\"your-message\"><\/textarea><\/span> <\/label>\n<\/p>\n<p><input class=\"wpcf7-form-control wpcf7-submit has-spinner\" type=\"submit\" value=\"Wy\u015blij\" \/>\n<\/p><p style=\"display: none !important;\" class=\"akismet-fields-container\" data-prefix=\"_wpcf7_ak_\"><label>&#916;<textarea name=\"_wpcf7_ak_hp_textarea\" cols=\"45\" rows=\"8\" maxlength=\"100\"><\/textarea><\/label><input type=\"hidden\" id=\"ak_js_1\" name=\"_wpcf7_ak_js\" value=\"237\"\/><script>document.getElementById( \"ak_js_1\" ).setAttribute( \"value\", ( new Date() ).getTime() );<\/script><\/p><div class=\"wpcf7-response-output\" aria-hidden=\"true\"><\/div>\n<\/form>\n<\/div>\n<\/div>\t\t\t\t<\/div>\n\t\t\t\t<\/div>\n\t\t\t\t<div class=\"elementor-element elementor-element-85a8f44 elementor-widget elementor-widget-shortcode\" data-id=\"85a8f44\" data-element_type=\"widget\" data-e-type=\"widget\" data-widget_type=\"shortcode.default\">\n\t\t\t\t<div class=\"elementor-widget-container\">\n\t\t\t\t\t\t\t<div class=\"elementor-shortcode\"><iframe src=\"https:\/\/www.google.com\/maps\/embed?pb=!1m18!1m12!1m3!1d301.9939665014348!2d15.245901481346866!3d52.73306340705431!2m3!1f0!2f0!3f0!3m2!1i1024!2i768!4f13.1!3m3!1m2!1s0x47071f9677f2d387%3A0x54599ec72e261cda!2sSzkolna%204%2C%2066-400%20Gorz%C3%B3w%20Wielkopolski!5e0!3m2!1spl!2spl!4v1739131962822!5m2!1spl!2spl\" width=\"1900\" height=\"500\" style=\"border:0;\" allowfullscreen=\"\" loading=\"lazy\" referrerpolicy=\"no-referrer-when-downgrade\"><\/iframe><\/div>\n\t\t\t\t\t\t<\/div>\n\t\t\t\t<\/div>\n\t\t\t\t\t<\/div>\n\t\t\t\t<\/div>\n\t\t\t\t<\/div>\n\t\t","protected":false},"excerpt":{"rendered":"<p>Synowiec i Partnerzy &#8211; Adwokacka Sp\u00f3\u0142ka Partnerska ul. Szkolna 4, 66-400 Gorz\u00f3w Wielkopolski kancelaria@synowiecpartnerzy.pl tel.: +48 885 515 051 Kinga Czechowicz &#8211; kierownik biura Skontaktuj si\u0119 z namiWype\u0142nij formularz, aby [&hellip;]<\/p>\n","protected":false},"author":1,"featured_media":0,"parent":0,"menu_order":0,"comment_status":"closed","ping_status":"closed","template":"page-templates\/full-width.php","meta":{"footnotes":""},"class_list":["post-13611","page","type-page","status-publish","hentry"],"_links":{"self":[{"href":"https:\/\/synowiecpartnerzy.pl\/index.php?rest_route=\/wp\/v2\/pages\/13611","targetHints":{"allow":["GET"]}}],"collection":[{"href":"https:\/\/synowiecpartnerzy.pl\/index.php?rest_route=\/wp\/v2\/pages"}],"about":[{"href":"https:\/\/synowiecpartnerzy.pl\/index.php?rest_route=\/wp\/v2\/types\/page"}],"author":[{"embeddable":true,"href":"https:\/\/synowiecpartnerzy.pl\/index.php?rest_route=\/wp\/v2\/users\/1"}],"replies":[{"embeddable":true,"href":"https:\/\/synowiecpartnerzy.pl\/index.php?rest_route=%2Fwp%2Fv2%2Fcomments&post=13611"}],"version-history":[{"count":138,"href":"https:\/\/synowiecpartnerzy.pl\/index.php?rest_route=\/wp\/v2\/pages\/13611\/revisions"}],"predecessor-version":[{"id":36448,"href":"https:\/\/synowiecpartnerzy.pl\/index.php?rest_route=\/wp\/v2\/pages\/13611\/revisions\/36448"}],"wp:attachment":[{"href":"https:\/\/synowiecpartnerzy.pl\/index.php?rest_route=%2Fwp%2Fv2%2Fmedia&parent=13611"}],"curies":[{"name":"wp","href":"https:\/\/api.w.org\/{rel}","templated":true}]}}